{"id":712,"date":"2024-06-13T16:32:44","date_gmt":"2024-06-13T16:32:44","guid":{"rendered":"https:\/\/dev.techg.net\/?page_id=712"},"modified":"2025-01-14T13:17:29","modified_gmt":"2025-01-14T13:17:29","slug":"servicio-de-diseno-web","status":"publish","type":"page","link":"https:\/\/techg.net\/es\/servicio-de-diseno-web\/","title":{"rendered":"Servicio de Diseno Web"},"content":{"rendered":"\t\t<div data-elementor-type=\"wp-page\" data-elementor-id=\"712\" class=\"elementor elementor-712\" data-elementor-post-type=\"page\">\n\t\t\t\t<div class=\"elementor-element elementor-element-d3e20dc e-con-full e-flex e-con e-parent\" data-id=\"d3e20dc\" data-element_type=\"container\" data-e-type=\"container\">\n\t\t<div class=\"elementor-element elementor-element-9e18b4a e-con-full e-flex e-con e-child\" data-id=\"9e18b4a\" data-element_type=\"container\" data-e-type=\"container\">\n\t\t\t\t<div class=\"elementor-element elementor-element-7278e87 elementor-widget-mobile__width-auto elementor-fixed elementor-widget elementor-widget-image\" data-id=\"7278e87\" data-element_type=\"widget\" data-e-type=\"widget\" data-settings=\"{&quot;_position&quot;:&quot;fixed&quot;}\" data-widget_type=\"image.default\">\n\t\t\t\t<div class=\"elementor-widget-container\">\n\t\t\t\t\t\t\t\t\t\t\t\t\t\t\t\t<a href=\"#elementor-action%3Aaction%3Dpopup%3Aopen%26settings%3DeyJpZCI6Ijg5MCIsInRvZ2dsZSI6ZmFsc2V9\">\n\t\t\t\t\t\t\t<img fetchpriority=\"high\" decoding=\"async\" width=\"300\" height=\"300\" src=\"https:\/\/techg.net\/es\/wp-content\/uploads\/2024\/06\/hamburger-bar-300x300.png\" class=\"attachment-medium size-medium wp-image-821\" alt=\"\" srcset=\"https:\/\/techg.net\/es\/wp-content\/uploads\/2024\/06\/hamburger-bar-300x300.png 300w, https:\/\/techg.net\/es\/wp-content\/uploads\/2024\/06\/hamburger-bar-150x150.png 150w, https:\/\/techg.net\/es\/wp-content\/uploads\/2024\/06\/hamburger-bar-768x768.png 768w, https:\/\/techg.net\/es\/wp-content\/uploads\/2024\/06\/hamburger-bar.png 800w\" sizes=\"(max-width: 300px) 100vw, 300px\" \/>\t\t\t\t\t\t\t\t<\/a>\n\t\t\t\t\t\t\t\t\t\t\t\t\t\t\t<\/div>\n\t\t\t\t<\/div>\n\t\t\t\t<\/div>\n\t\t\t\t<div class=\"elementor-element elementor-element-32edd7b elementor-widget elementor-widget-slider_revolution\" data-id=\"32edd7b\" data-element_type=\"widget\" data-e-type=\"widget\" data-widget_type=\"slider_revolution.default\">\n\t\t\t\t<div class=\"elementor-widget-container\">\n\t\t\t\t\t\n\t\t<div class=\"wp-block-themepunch-revslider\">\n\t\t\t\t<p class=\"rs-p-wp-fix\"><\/p>\n\t\t\t\t<sr7-module data-alias=\"intro-12\" data-id=\"6\" id=\"SR7_6_1\" class=\"rs-ov-hidden\" data-version=\"6.7.18\">\n\t\t\t\t\t<sr7-adjuster><\/sr7-adjuster>\n\t\t\t\t\t<sr7-content>\n\t\t\t\t\t\t<sr7-slide id=\"SR7_6_1-11\" data-key=\"11\">\n\t\t\t\t\t\t\t<sr7-txt id=\"SR7_6_1-11-5\" class=\"sr7-layer\">for<\/sr7-txt>\n\t\t\t\t\t\t\t<sr7-txt id=\"SR7_6_1-11-6\" class=\"sr7-layer\">pasi\u00f3n<br>\npor el<br>\ndise\u00f1o web<\/sr7-txt>\n\t\t\t\t\t\t\t<sr7-txt id=\"SR7_6_1-11-8\" class=\"sr7-layer\">web buildin<\/sr7-txt>\n\t\t\t\t\t\t<\/sr7-slide>\n\t\t\t\t\t\t<sr7-slide id=\"SR7_6_1-12\" data-key=\"12\">\n\t\t\t\t\t\t<\/sr7-slide>\n\t\t\t\t\t<\/sr7-content>\n\t\t\t\t\t<image_lists style=\"display:none\">\n\t\t\t\t\t\t<img data-src=\"\/\/techg.net\/es\/wp-content\/uploads\/2024\/06\/web-design-gif.gif\" data-libid=\"728\" data-lib=\"medialibrary\" title=\"web-design-gif\" width=\"0\" height=\"0\" data-dbsrc=\"Ly90ZWNoZy5uZXQvZXMvd3AtY29udGVudC91cGxvYWRzLzIwMjQvMDYvd2ViLWRlc2lnbi1naWYuZ2lm\"\/>\n\t\t\t\t\t\t<img data-src=\"\/\/techg.net\/es\/wp-content\/uploads\/2024\/06\/services.png\" data-libid=\"732\" data-lib=\"medialibrary\" title=\"services\" width=\"0\" height=\"0\" data-dbsrc=\"Ly90ZWNoZy5uZXQvZXMvd3AtY29udGVudC91cGxvYWRzLzIwMjQvMDYvc2VydmljZXMucG5n\"\/>\n\t\t\t\t\t\t<img loading=\"lazy\" data-src=\"\/\/techg.net\/es\/wp-content\/uploads\/2024\/05\/techg-logo-dark-with-slogan.png\" data-libid=\"11\" data-lib=\"medialibrary\" title=\"techg-logo dark-with slogan\" width=\"0\" height=\"0\" data-dbsrc=\"Ly90ZWNoZy5uZXQvZXMvd3AtY29udGVudC91cGxvYWRzLzIwMjQvMDUvdGVjaGctbG9nby1kYXJrLXdpdGgtc2xvZ2FuLnBuZw==\"\/>\n\t\t\t\t\t\t<img loading=\"lazy\" data-src=\"\/\/techg.net\/es\/wp-content\/uploads\/2024\/06\/light_yellow.png\" data-libid=\"457\" data-lib=\"medialibrary\" title=\"light_yellow\" width=\"0\" height=\"0\" data-dbsrc=\"Ly90ZWNoZy5uZXQvZXMvd3AtY29udGVudC91cGxvYWRzLzIwMjQvMDYvbGlnaHRfeWVsbG93LnBuZw==\"\/>\n\t\t\t\t\t\t<img loading=\"lazy\" data-src=\"\/\/techg.net\/es\/wp-content\/uploads\/2024\/06\/light1.png\" data-libid=\"460\" data-lib=\"medialibrary\" title=\"light1\" width=\"0\" height=\"0\" data-dbsrc=\"Ly90ZWNoZy5uZXQvZXMvd3AtY29udGVudC91cGxvYWRzLzIwMjQvMDYvbGlnaHQxLnBuZw==\"\/>\n\t\t\t\t\t\t<img loading=\"lazy\" data-src=\"\/\/techg.net\/es\/wp-content\/uploads\/2024\/06\/bubble_top.png\" data-libid=\"514\" data-lib=\"medialibrary\" title=\"bubble_top\" width=\"0\" height=\"0\" data-dbsrc=\"Ly90ZWNoZy5uZXQvZXMvd3AtY29udGVudC91cGxvYWRzLzIwMjQvMDYvYnViYmxlX3RvcC5wbmc=\"\/>\n\t\t\t\t\t\t<img loading=\"lazy\" data-src=\"\/\/techg.net\/es\/wp-content\/uploads\/2024\/06\/light2.png\" data-libid=\"459\" data-lib=\"medialibrary\" title=\"light2\" width=\"0\" height=\"0\" data-dbsrc=\"Ly90ZWNoZy5uZXQvZXMvd3AtY29udGVudC91cGxvYWRzLzIwMjQvMDYvbGlnaHQyLnBuZw==\"\/>\n\t\t\t\t\t\t<img loading=\"lazy\" data-src=\"\/\/techg.net\/es\/wp-content\/uploads\/2024\/06\/light3.png\" data-libid=\"458\" data-lib=\"medialibrary\" title=\"light3\" width=\"0\" height=\"0\" data-dbsrc=\"Ly90ZWNoZy5uZXQvZXMvd3AtY29udGVudC91cGxvYWRzLzIwMjQvMDYvbGlnaHQzLnBuZw==\"\/>\n\t\t\t\t\t\t<img loading=\"lazy\" data-src=\"\/\/techg.net\/es\/wp-content\/uploads\/2024\/05\/cropped-Favicon.png\" data-libid=\"9\" data-lib=\"medialibrary\" title=\"cropped-Favicon.png\" width=\"0\" height=\"0\" data-dbsrc=\"Ly90ZWNoZy5uZXQvZXMvd3AtY29udGVudC91cGxvYWRzLzIwMjQvMDUvY3JvcHBlZC1GYXZpY29uLnBuZw==\"\/>\n\t\t\t\t\t\t<img loading=\"lazy\" data-src=\"\/\/techg.net\/es\/wp-content\/uploads\/2024\/06\/stars.mov\" width=\"0\" height=\"0\" data-dbsrc=\"Ly90ZWNoZy5uZXQvZXMvd3AtY29udGVudC91cGxvYWRzLzIwMjQvMDYvc3RhcnMubW92\"\/>\n\t\t\t\t\t<\/image_lists>\n\t\t\t\t<\/sr7-module>\n\t\t\t\t<script>\n\t\t\t\t\tSR7.PMH ??={}; SR7.PMH[\"SR7_6_1\"] = {cn:0,state:false,fn: function() { if (_tpt!==undefined && _tpt.prepareModuleHeight !== undefined) {  _tpt.prepareModuleHeight({id:\"SR7_6_1\",el:[900,900,900,900,720],type:'standard',shdw:'0',gh:[900,900,900,900,720],gw:[1240,1240,1240,1240,480],vpt:['100px&#039;,&#039;100px&#039;,&#039;100px&#039;,&#039;100px&#039;,&#039;100px'],size:{fullWidth:true, fullHeight:false},mh:'0',onh:0,onw:0,bg:{color:'{\"orig\":\"transparent\",\"type\":\"solid\",\"string\":\"transparent\"}'}});   SR7.PMH[\"SR7_6_1\"].state=true;} else if((SR7.PMH[\"SR7_6_1\"].cn++)<100)\tsetTimeout( SR7.PMH[\"SR7_6_1\"].fn,19);}};SR7.PMH[\"SR7_6_1\" ].fn();\n\t\t\t\t<\/script>\n<\/div>\n\n\t\t\t\t\t\t<\/div>\n\t\t\t\t<\/div>\n\t\t\t\t<\/div>\n\t\t<div class=\"elementor-element elementor-element-28c55cc e-flex e-con-boxed e-con e-parent\" data-id=\"28c55cc\" data-element_type=\"container\" data-e-type=\"container\">\n\t\t\t\t\t<div class=\"e-con-inner\">\n\t\t\t\t<div class=\"elementor-element elementor-element-5fdf6bc elementor-widget elementor-widget-heading\" data-id=\"5fdf6bc\" data-element_type=\"widget\" data-e-type=\"widget\" data-widget_type=\"heading.default\">\n\t\t\t\t<div class=\"elementor-widget-container\">\n\t\t\t\t\t<h2 class=\"elementor-heading-title elementor-size-default\">creamos un atractivo recorrido del cliente,<br>\ncon su historia como protagonista.\n<\/h2>\t\t\t\t<\/div>\n\t\t\t\t<\/div>\n\t\t\t\t\t<\/div>\n\t\t\t\t<\/div>\n\t\t<div class=\"elementor-element elementor-element-0ba0a8b e-flex e-con-boxed e-con e-parent\" data-id=\"0ba0a8b\" data-element_type=\"container\" data-e-type=\"container\">\n\t\t\t\t\t<div class=\"e-con-inner\">\n\t\t<div class=\"elementor-element elementor-element-b3ac558 e-con-full e-flex e-con e-child\" data-id=\"b3ac558\" data-element_type=\"container\" data-e-type=\"container\">\n\t\t\t\t<div class=\"elementor-element elementor-element-a6b1078 elementor-cta--skin-classic elementor-animated-content elementor-widget elementor-widget-call-to-action\" data-id=\"a6b1078\" data-element_type=\"widget\" data-e-type=\"widget\" data-widget_type=\"call-to-action.default\">\n\t\t\t\t<div class=\"elementor-widget-container\">\n\t\t\t\t\t\t\t<a class=\"elementor-cta\" href=\"https:\/\/techg.net\/es\/cartera\">\n\t\t\t\t\t<div class=\"elementor-cta__bg-wrapper\">\n\t\t\t\t<div class=\"elementor-cta__bg elementor-bg\" style=\"background-image: url(https:\/\/techg.net\/es\/wp-content\/uploads\/2024\/06\/services-icon.png);\" role=\"img\" aria-label=\"services-icon\"><\/div>\n\t\t\t\t<div class=\"elementor-cta__bg-overlay\"><\/div>\n\t\t\t<\/div>\n\t\t\t\t\t\t\t<div class=\"elementor-cta__content\">\n\t\t\t\t\n\t\t\t\t\t\t\t\t\t<h2 class=\"elementor-cta__title elementor-cta__content-item elementor-content-item\">\n\t\t\t\t\t\tdise\u00f1o web\t\t\t\t\t<\/h2>\n\t\t\t\t\n\t\t\t\t\t\t\t\t\t<div class=\"elementor-cta__description elementor-cta__content-item elementor-content-item\">\n\t\t\t\t\t\tP\u00e1ginas de aterrizaje, sitios corporativos, tiendas de comercio electr\u00f3nico\ny gesti\u00f3n de sitios web\n- construcci\u00f3n y mejora de su tienda digital.\t\t\t\t\t<\/div>\n\t\t\t\t\n\t\t\t\t\t\t\t<\/div>\n\t\t\t\t\t\t<\/a>\n\t\t\t\t\t\t<\/div>\n\t\t\t\t<\/div>\n\t\t<div class=\"elementor-element elementor-element-0db631e e-con-full e-flex e-con e-child\" data-id=\"0db631e\" data-element_type=\"container\" data-e-type=\"container\">\n\t\t\t\t<div class=\"elementor-element elementor-element-f6e401b elementor-align-right elementor-mobile-align-right elementor-invisible elementor-widget elementor-widget-button\" data-id=\"f6e401b\" data-element_type=\"widget\" data-e-type=\"widget\" data-settings=\"{&quot;_animation&quot;:&quot;slideInLeft&quot;}\" data-widget_type=\"button.default\">\n\t\t\t\t<div class=\"elementor-widget-container\">\n\t\t\t\t\t\t\t\t\t<div class=\"elementor-button-wrapper\">\n\t\t\t\t\t<a class=\"elementor-button elementor-button-link elementor-size-sm\" href=\"https:\/\/techg.net\/es\/cartera\">\n\t\t\t\t\t\t<span class=\"elementor-button-content-wrapper\">\n\t\t\t\t\t\t\t\t\t<span class=\"elementor-button-text\">seguir leyendo<\/span>\n\t\t\t\t\t<\/span>\n\t\t\t\t\t<\/a>\n\t\t\t\t<\/div>\n\t\t\t\t\t\t\t\t<\/div>\n\t\t\t\t<\/div>\n\t\t\t\t<\/div>\n\t\t\t\t<\/div>\n\t\t<div class=\"elementor-element elementor-element-6d9b4bc e-con-full e-flex e-con e-child\" data-id=\"6d9b4bc\" data-element_type=\"container\" data-e-type=\"container\">\n\t\t\t\t<div class=\"elementor-element elementor-element-3dcb5df elementor-cta--skin-classic elementor-animated-content elementor-widget elementor-widget-call-to-action\" data-id=\"3dcb5df\" data-element_type=\"widget\" data-e-type=\"widget\" data-widget_type=\"call-to-action.default\">\n\t\t\t\t<div class=\"elementor-widget-container\">\n\t\t\t\t\t\t\t<a class=\"elementor-cta\" href=\"https:\/\/techg.net\/es\/cartera\/\">\n\t\t\t\t\t<div class=\"elementor-cta__bg-wrapper\">\n\t\t\t\t<div class=\"elementor-cta__bg elementor-bg\" style=\"background-image: url(https:\/\/techg.net\/es\/wp-content\/uploads\/2024\/06\/seo.webp);\" role=\"img\" aria-label=\"seo\"><\/div>\n\t\t\t\t<div class=\"elementor-cta__bg-overlay\"><\/div>\n\t\t\t<\/div>\n\t\t\t\t\t\t\t<div class=\"elementor-cta__content\">\n\t\t\t\t\n\t\t\t\t\t\t\t\t\t<h2 class=\"elementor-cta__title elementor-cta__content-item elementor-content-item\">\n\t\t\t\t\t\tseo\t\t\t\t\t<\/h2>\n\t\t\t\t\n\t\t\t\t\t\t\t\t\t<div class=\"elementor-cta__description elementor-cta__content-item elementor-content-item\">\n\t\t\t\t\t\tResultados de b\u00fasquedas locales, SEO de sitios web\ny auditor\u00edas de SEO para garantizar que aparezca en las b\u00fasquedas en el momento adecuado y en\npor las personas adecuadas.\t\t\t\t\t<\/div>\n\t\t\t\t\n\t\t\t\t\t\t\t<\/div>\n\t\t\t\t\t\t<\/a>\n\t\t\t\t\t\t<\/div>\n\t\t\t\t<\/div>\n\t\t<div class=\"elementor-element elementor-element-24336b7 e-con-full e-flex e-con e-child\" data-id=\"24336b7\" data-element_type=\"container\" data-e-type=\"container\">\n\t\t\t\t<div class=\"elementor-element elementor-element-68b48bd elementor-align-right elementor-mobile-align-right elementor-invisible elementor-widget elementor-widget-button\" data-id=\"68b48bd\" data-element_type=\"widget\" data-e-type=\"widget\" data-settings=\"{&quot;_animation&quot;:&quot;slideInUp&quot;}\" data-widget_type=\"button.default\">\n\t\t\t\t<div class=\"elementor-widget-container\">\n\t\t\t\t\t\t\t\t\t<div class=\"elementor-button-wrapper\">\n\t\t\t\t\t<a class=\"elementor-button elementor-button-link elementor-size-sm\" href=\"https:\/\/techg.net\/es\/cartera\">\n\t\t\t\t\t\t<span class=\"elementor-button-content-wrapper\">\n\t\t\t\t\t\t\t\t\t<span class=\"elementor-button-text\">seguir leyendo<\/span>\n\t\t\t\t\t<\/span>\n\t\t\t\t\t<\/a>\n\t\t\t\t<\/div>\n\t\t\t\t\t\t\t\t<\/div>\n\t\t\t\t<\/div>\n\t\t\t\t<\/div>\n\t\t\t\t<\/div>\n\t\t<div class=\"elementor-element elementor-element-0eccbd3 e-con-full e-flex e-con e-child\" data-id=\"0eccbd3\" data-element_type=\"container\" data-e-type=\"container\">\n\t\t\t\t<div class=\"elementor-element elementor-element-8acd3d1 elementor-cta--skin-classic elementor-animated-content elementor-widget elementor-widget-call-to-action\" data-id=\"8acd3d1\" data-element_type=\"widget\" data-e-type=\"widget\" data-widget_type=\"call-to-action.default\">\n\t\t\t\t<div class=\"elementor-widget-container\">\n\t\t\t\t\t\t\t<a class=\"elementor-cta\" href=\"https:\/\/techg.net\/es\/alojamiento-web\/\">\n\t\t\t\t\t<div class=\"elementor-cta__bg-wrapper\">\n\t\t\t\t<div class=\"elementor-cta__bg elementor-bg\" style=\"background-image: url(https:\/\/techg.net\/es\/wp-content\/uploads\/2024\/06\/web-hosting-service-5227244-4363159.png);\" role=\"img\" aria-label=\"web-hosting-service-5227244-4363159\"><\/div>\n\t\t\t\t<div class=\"elementor-cta__bg-overlay\"><\/div>\n\t\t\t<\/div>\n\t\t\t\t\t\t\t<div class=\"elementor-cta__content\">\n\t\t\t\t\n\t\t\t\t\t\t\t\t\t<h2 class=\"elementor-cta__title elementor-cta__content-item elementor-content-item\">\n\t\t\t\t\t\talojamiento web\t\t\t\t\t<\/h2>\n\t\t\t\t\n\t\t\t\t\t\t\t\t\t<div class=\"elementor-cta__description elementor-cta__content-item elementor-content-item\">\n\t\t\t\t\t\tOfrecemos soluciones de alojamiento web accesibles desde sitios corporativos hasta tiendas de comercio electr\u00f3nico complejos.\t\t\t\t\t<\/div>\n\t\t\t\t\n\t\t\t\t\t\t\t<\/div>\n\t\t\t\t\t\t<\/a>\n\t\t\t\t\t\t<\/div>\n\t\t\t\t<\/div>\n\t\t<div class=\"elementor-element elementor-element-7aa1056 e-con-full e-flex e-con e-child\" data-id=\"7aa1056\" data-element_type=\"container\" data-e-type=\"container\">\n\t\t\t\t<div class=\"elementor-element elementor-element-c5e2321 elementor-align-right elementor-mobile-align-right elementor-invisible elementor-widget elementor-widget-button\" data-id=\"c5e2321\" data-element_type=\"widget\" data-e-type=\"widget\" data-settings=\"{&quot;_animation&quot;:&quot;slideInRight&quot;}\" data-widget_type=\"button.default\">\n\t\t\t\t<div class=\"elementor-widget-container\">\n\t\t\t\t\t\t\t\t\t<div class=\"elementor-button-wrapper\">\n\t\t\t\t\t<a class=\"elementor-button elementor-button-link elementor-size-sm\" href=\"https:\/\/techg.net\/es\/alojamiento-web\">\n\t\t\t\t\t\t<span class=\"elementor-button-content-wrapper\">\n\t\t\t\t\t\t\t\t\t<span class=\"elementor-button-text\">seguir leyendo<\/span>\n\t\t\t\t\t<\/span>\n\t\t\t\t\t<\/a>\n\t\t\t\t<\/div>\n\t\t\t\t\t\t\t\t<\/div>\n\t\t\t\t<\/div>\n\t\t\t\t<\/div>\n\t\t\t\t<\/div>\n\t\t\t\t\t<\/div>\n\t\t\t\t<\/div>\n\t\t<div class=\"elementor-element elementor-element-6c2fef8 e-flex e-con-boxed e-con e-parent\" data-id=\"6c2fef8\" data-element_type=\"container\" data-e-type=\"container\">\n\t\t\t\t\t<div class=\"e-con-inner\">\n\t\t\t\t<div class=\"elementor-element elementor-element-569e6ab elementor-widget elementor-widget-text-editor\" data-id=\"569e6ab\" data-element_type=\"widget\" data-e-type=\"widget\" data-widget_type=\"text-editor.default\">\n\t\t\t\t<div class=\"elementor-widget-container\">\n\t\t\t\t\t\t\t\t\t<div class=\"col-md-6\"><div class=\"services_desc fadeInUp wow\"><p>Queremos que su sitio web cause una gran primera impresi\u00f3n;<br \/>que trabaje para usted para traerle potenciales clientes,<br \/>aumentar las ventas, as\u00ed como ser visualmente impactante.<\/p><\/div><\/div>\t\t\t\t\t\t\t\t<\/div>\n\t\t\t\t<\/div>\n\t\t\t\t<div class=\"elementor-element elementor-element-a453861 elementor-widget elementor-widget-text-editor\" data-id=\"a453861\" data-element_type=\"widget\" data-e-type=\"widget\" data-widget_type=\"text-editor.default\">\n\t\t\t\t<div class=\"elementor-widget-container\">\n\t\t\t\t\t\t\t\t\t<div class=\"col-md-6\"><div class=\"services_desc fadeInUp wow\"><p>Un sitio web intuitivo, informativo e impactante es clave. Nuestro experimentado equipo digital trabajar\u00e1 con usted para crear el sitio que mejor cuente su historia. Desde la creaci\u00f3n de personajes hasta la planificaci\u00f3n y el dise\u00f1o del wireframe, pasando por el desarrollo del mapa del sitio, el dise\u00f1o de las p\u00e1ginas y las p\u00e1ginas de destino, la programaci\u00f3n, las pruebas y el SEO, nos aseguraremos de que su sitio web le ayude a maximizar su presencia digital.<\/p><\/div><\/div>\t\t\t\t\t\t\t\t<\/div>\n\t\t\t\t<\/div>\n\t\t\t\t\t<\/div>\n\t\t\t\t<\/div>\n\t\t<div class=\"elementor-element elementor-element-6e5a5da e-flex e-con-boxed e-con e-parent\" data-id=\"6e5a5da\" data-element_type=\"container\" data-e-type=\"container\">\n\t\t\t\t\t<div class=\"e-con-inner\">\n\t\t\t\t<div class=\"elementor-element elementor-element-2c79b0c elementor-widget elementor-widget-slider_revolution\" data-id=\"2c79b0c\" data-element_type=\"widget\" data-e-type=\"widget\" data-widget_type=\"slider_revolution.default\">\n\t\t\t\t<div class=\"elementor-widget-container\">\n\t\t\t\t\t\n\t\t<div class=\"wp-block-themepunch-revslider\">\n\t\t\t\t<p class=\"rs-p-wp-fix\"><\/p>\n\t\t\t\t<sr7-module data-alias=\"slider-2\" data-id=\"4\" id=\"SR7_4_2\" class=\"rs-ov-hidden\" data-version=\"6.7.18\">\n\t\t\t\t\t<sr7-adjuster><\/sr7-adjuster>\n\t\t\t\t\t<sr7-content>\n\t\t\t\t\t\t<sr7-slide id=\"SR7_4_2-7\" data-key=\"7\">\n\t\t\t\t\t\t<\/sr7-slide>\n\t\t\t\t\t\t<sr7-slide id=\"SR7_4_2-8\" data-key=\"8\">\n\t\t\t\t\t\t<\/sr7-slide>\n\t\t\t\t\t<\/sr7-content>\n\t\t\t\t\t<image_lists style=\"display:none\">\n\t\t\t\t\t\t<img loading=\"lazy\" data-src=\"\/\/techg.net\/es\/wp-content\/uploads\/2024\/06\/gabyvideo.mov\" width=\"0\" height=\"0\" data-dbsrc=\"Ly90ZWNoZy5uZXQvZXMvd3AtY29udGVudC91cGxvYWRzLzIwMjQvMDYvZ2FieXZpZGVvLm1vdg==\"\/>\n\t\t\t\t\t\t<img loading=\"lazy\" data-src=\"\/\/techg.net\/es\/wp-content\/uploads\/2024\/06\/audio.png\" data-libid=\"603\" data-lib=\"medialibrary\" title=\"audio\" width=\"0\" height=\"0\" data-dbsrc=\"Ly90ZWNoZy5uZXQvZXMvd3AtY29udGVudC91cGxvYWRzLzIwMjQvMDYvYXVkaW8ucG5n\"\/>\n\t\t\t\t\t<\/image_lists>\n\t\t\t\t<\/sr7-module>\n\t\t\t\t<script>\n\t\t\t\t\tSR7.PMH ??={}; SR7.PMH[\"SR7_4_2\"] = {cn:0,state:false,fn: function() { if (_tpt!==undefined && _tpt.prepareModuleHeight !== undefined) {  _tpt.prepareModuleHeight({id:\"SR7_4_2\",el:[500,500,500,500,380],type:'standard',shdw:'0',gh:[500,500,500,500,380],gw:[1240,1240,1240,1240,480],vpt:['100px&#039;,&#039;100px&#039;,&#039;100px&#039;,&#039;100px&#039;,&#039;100px'],size:{fullWidth:true, fullHeight:false},mh:'0',onh:0,onw:0,bg:{color:'{\"orig\":\"transparent\",\"type\":\"solid\",\"string\":\"transparent\"}'}});   SR7.PMH[\"SR7_4_2\"].state=true;} else if((SR7.PMH[\"SR7_4_2\"].cn++)<100)\tsetTimeout( SR7.PMH[\"SR7_4_2\"].fn,19);}};SR7.PMH[\"SR7_4_2\" ].fn();\n\t\t\t\t<\/script>\n<\/div>\n\n\t\t\t\t\t\t<\/div>\n\t\t\t\t<\/div>\n\t\t\t\t\t<\/div>\n\t\t\t\t<\/div>\n\t\t\t\t<\/div>\n\t\t","protected":false},"excerpt":{"rendered":"<p>creamos un atractivo recorrido del cliente, con su historia como protagonista. dise\u00f1o web P\u00e1ginas de aterrizaje, sitios corporativos, tiendas de comercio electr\u00f3nico y gesti\u00f3n de sitios web &#8211; construcci\u00f3n y mejora de su tienda digital. seguir leyendo seo Resultados de b\u00fasquedas locales, SEO de sitios web y auditor\u00edas de SEO para garantizar que aparezca en [&hellip;]<\/p>\n","protected":false},"author":3,"featured_media":0,"parent":0,"menu_order":0,"comment_status":"closed","ping_status":"closed","template":"","meta":{"footnotes":""},"class_list":["post-712","page","type-page","status-publish","hentry"],"aioseo_notices":[],"_links":{"self":[{"href":"https:\/\/techg.net\/es\/wp-json\/wp\/v2\/pages\/712","targetHints":{"allow":["GET"]}}],"collection":[{"href":"https:\/\/techg.net\/es\/wp-json\/wp\/v2\/pages"}],"about":[{"href":"https:\/\/techg.net\/es\/wp-json\/wp\/v2\/types\/page"}],"author":[{"embeddable":true,"href":"https:\/\/techg.net\/es\/wp-json\/wp\/v2\/users\/3"}],"replies":[{"embeddable":true,"href":"https:\/\/techg.net\/es\/wp-json\/wp\/v2\/comments?post=712"}],"version-history":[{"count":20,"href":"https:\/\/techg.net\/es\/wp-json\/wp\/v2\/pages\/712\/revisions"}],"predecessor-version":[{"id":1926,"href":"https:\/\/techg.net\/es\/wp-json\/wp\/v2\/pages\/712\/revisions\/1926"}],"wp:attachment":[{"href":"https:\/\/techg.net\/es\/wp-json\/wp\/v2\/media?parent=712"}],"curies":[{"name":"wp","href":"https:\/\/api.w.org\/{rel}","templated":true}]}}